{"id":118,"date":"2025-01-16T14:13:00","date_gmt":"2025-01-16T14:13:00","guid":{"rendered":"https:\/\/advogadodetransitosp.com.br\/blog\/?page_id=118"},"modified":"2025-01-28T18:32:00","modified_gmt":"2025-01-28T18:32:00","slug":"quem-somos","status":"publish","type":"page","link":"https:\/\/advogadodetransitosp.com.br\/blog\/quem-somos\/","title":{"rendered":"Quem Somos"},"content":{"rendered":"\t\t<div data-elementor-type=\"wp-page\" data-elementor-id=\"118\" class=\"elementor elementor-118\">\n\t\t\t\t<div class=\"elementor-element elementor-element-58f40d3 e-flex e-con-boxed e-con e-parent\" data-id=\"58f40d3\" data-element_type=\"container\" data-e-type=\"container\">\n\t\t\t\t\t<div class=\"e-con-inner\">\n\t\t\t\t<div class=\"elementor-element elementor-element-027abc3 elementor-widget elementor-widget-text-editor\" data-id=\"027abc3\" data-element_type=\"widget\" data-e-type=\"widget\" data-widget_type=\"text-editor.default\">\n\t\t\t\t<div class=\"elementor-widget-container\">\n\t\t\t\t\t\t\t\t\t<h4>Meu nome \u00e9 Fabio Augusto Silveira, sou Advogado Especializado em Direito de Tr\u00e2nsito h\u00e1 mais de 11 anos e possuo uma trajet\u00f3ria de mais de 30 anos dedicados \u00e0 \u00e1rea de tr\u00e2nsito. Atualmente, fa\u00e7o parte da Comiss\u00e3o de Direito de Tr\u00e2nsito da OAB Campinas\/SP, o que refor\u00e7a meu compromisso com a excel\u00eancia e a \u00e9tica na atua\u00e7\u00e3o jur\u00eddica voltada para condutores.<\/h4><h4>Ao longo dessa jornada, j\u00e1 ajudamos in\u00fameros motoristas a recuperar o direito de dirigir com liberdade, sem o medo de enfrentar:<\/h4><ul><li><h4>A perda de mobilidade pessoal e profissional;<\/h4><\/li><li><h4>A depend\u00eancia de transporte p\u00fablico desconfort\u00e1vel e demorado;<\/h4><\/li><li><h4>Ou os altos custos de servi\u00e7os de locomo\u00e7\u00e3o em hor\u00e1rios de pico.<\/h4><\/li><\/ul><h4>Nosso trabalho \u00e9 movido por uma miss\u00e3o clara: garantir que nossos clientes tenham a seguran\u00e7a de continuar dirigindo sem preocupa\u00e7\u00f5es, amparados por estrat\u00e9gias legais s\u00f3lidas e bem fundamentadas.<\/h4><h2><strong>Compromisso com a \u00c9tica Profissional<\/strong><\/h2><h4>Como previsto no C\u00f3digo de \u00c9tica e Disciplina da OAB, Artigo 39, n\u00e3o podemos divulgar resultados espec\u00edficos de processos. Caso encontre algum advogado fazendo isso, saiba que ele est\u00e1 contrariando as regras da nossa profiss\u00e3o. Para respeitar esses princ\u00edpios, optamos por compartilhar apenas depoimentos p\u00fablicos de clientes que j\u00e1 est\u00e3o dispon\u00edveis no Google \u2013 sinta-se \u00e0 vontade para conferir os relatos clicando <span style=\"text-decoration: underline;\"><a href=\"https:\/\/g.co\/kgs\/mr4yR8v\" target=\"_blank\" rel=\"noopener\">AQUI<\/a>.<\/span><\/h4><h4>Embora conte com uma equipe de advogados altamente capacitada, fa\u00e7o quest\u00e3o de estar diretamente envolvido em cada caso, garantindo que todos os processos sejam conduzidos com m\u00e1xima aten\u00e7\u00e3o, clareza e \u00e9tica.<\/h4><h4>Seja para defender o seu direito de dirigir ou esclarecer d\u00favidas sobre tr\u00e2nsito e mobilidade, estamos aqui para ajudar. Nossa experi\u00eancia e compromisso s\u00e3o direcionados a oferecer solu\u00e7\u00f5es que trazem tranquilidade para o seu dia a dia.<\/h4><h2><b>Entre em Contato<\/b><\/h2><h4><span style=\"font-weight: 400;\">Quer tirar d\u00favidas conosco, regularizar sua CNH ou at\u00e9 mesmo sugerir temas ? Fique \u00e0 vontade para nos enviar uma mensagem atrav\u00e9s do <strong>nosso whatsapp clicando<\/strong> <span style=\"text-decoration: underline;\"><a href=\"https:\/\/wa.me\/5519985994303?text=Ol\u00e1,%20gostaria%20de%20saber%20mais%20sobre%20os%20servi\u00e7os%20de%20tr\u00e2nsito.\" target=\"_blank\" rel=\"noopener\">AQUI<\/a>.<\/span> Estamos sempre prontos para atende-lo, ouvi-lo e aprender com voc\u00ea!<\/span><\/h4><h4><span style=\"font-weight: 400;\">Acompanhe-nos tamb\u00e9m nossos videos novo toda samana no <span style=\"text-decoration: underline;\"><a href=\"https:\/\/www.youtube.com\/@advogado.fabioaugusto-dire3011\" target=\"_blank\" rel=\"noopener\">YOUTUBE <\/a><\/span>\u00a0e fa\u00e7a parte da nossa comunidade. Juntos, podemos construir um tr\u00e2nsito mais justo e seguro!<\/span><\/h4><h4><strong>Lembre-se: Quem Ama Cuida e Quem Cuida, Dirige Com Responsabilidade.\u00a0<\/strong><\/h4>\t\t\t\t\t\t\t\t<\/div>\n\t\t\t\t<\/div>\n\t\t\t\t\t<\/div>\n\t\t\t\t<\/div>\n\t\t\t\t<\/div>\n\t\t","protected":false},"excerpt":{"rendered":"<p>Meu nome \u00e9 Fabio Augusto Silveira, sou Advogado Especializado em Direito de Tr\u00e2nsito h\u00e1 mais de 11 anos e possuo uma trajet\u00f3ria de mais de 30 anos dedicados \u00e0 \u00e1rea de tr\u00e2nsito. Atualmente, fa\u00e7o parte da Comiss\u00e3o de Direito de Tr\u00e2nsito da OAB Campinas\/SP, o que refor\u00e7a meu compromisso com a excel\u00eancia e a \u00e9tica [&hellip;]<\/p>\n","protected":false},"author":1,"featured_media":0,"parent":0,"menu_order":0,"comment_status":"closed","ping_status":"closed","template":"elementor_header_footer","meta":{"footnotes":""},"class_list":["post-118","page","type-page","status-publish","hentry","entry"],"yoast_head":"<!-- This site is optimized with the Yoast SEO plugin v27.2 - https:\/\/yoast.com\/product\/yoast-seo-wordpress\/ -->\n<title>Quem Somos - Blog Transito<\/title>\n<meta name=\"robots\" content=\"index, follow, max-snippet:-1, max-image-preview:large, max-video-preview:-1\" \/>\n<link rel=\"canonical\" href=\"https:\/\/advogadodetransitosp.com.br\/blog\/quem-somos\/\" \/>\n<meta property=\"og:locale\" content=\"pt_PT\" \/>\n<meta property=\"og:type\" content=\"article\" \/>\n<meta property=\"og:title\" content=\"Quem Somos - Blog Transito\" \/>\n<meta property=\"og:description\" content=\"Meu nome \u00e9 Fabio Augusto Silveira, sou Advogado Especializado em Direito de Tr\u00e2nsito h\u00e1 mais de 11 anos e possuo uma trajet\u00f3ria de mais de 30 anos dedicados \u00e0 \u00e1rea de tr\u00e2nsito. Atualmente, fa\u00e7o parte da Comiss\u00e3o de Direito de Tr\u00e2nsito da OAB Campinas\/SP, o que refor\u00e7a meu compromisso com a excel\u00eancia e a \u00e9tica [&hellip;]\" \/>\n<meta property=\"og:url\" content=\"https:\/\/advogadodetransitosp.com.br\/blog\/quem-somos\/\" \/>\n<meta property=\"og:site_name\" content=\"Blog Transito\" \/>\n<meta property=\"article:modified_time\" content=\"2025-01-28T18:32:00+00:00\" \/>\n<meta name=\"twitter:card\" content=\"summary_large_image\" \/>\n<meta name=\"twitter:label1\" content=\"Tempo estimado de leitura\" \/>\n\t<meta name=\"twitter:data1\" content=\"2 minutos\" \/>\n<script type=\"application\/ld+json\" class=\"yoast-schema-graph\">{\"@context\":\"https:\/\/schema.org\",\"@graph\":[{\"@type\":\"WebPage\",\"@id\":\"https:\/\/advogadodetransitosp.com.br\/blog\/quem-somos\/\",\"url\":\"https:\/\/advogadodetransitosp.com.br\/blog\/quem-somos\/\",\"name\":\"Quem Somos - Blog Transito\",\"isPartOf\":{\"@id\":\"https:\/\/advogadodetransitosp.com.br\/blog\/#website\"},\"datePublished\":\"2025-01-16T14:13:00+00:00\",\"dateModified\":\"2025-01-28T18:32:00+00:00\",\"breadcrumb\":{\"@id\":\"https:\/\/advogadodetransitosp.com.br\/blog\/quem-somos\/#breadcrumb\"},\"inLanguage\":\"pt-PT\",\"potentialAction\":[{\"@type\":\"ReadAction\",\"target\":[\"https:\/\/advogadodetransitosp.com.br\/blog\/quem-somos\/\"]}]},{\"@type\":\"BreadcrumbList\",\"@id\":\"https:\/\/advogadodetransitosp.com.br\/blog\/quem-somos\/#breadcrumb\",\"itemListElement\":[{\"@type\":\"ListItem\",\"position\":1,\"name\":\"In\u00edcio\",\"item\":\"https:\/\/advogadodetransitosp.com.br\/blog\/\"},{\"@type\":\"ListItem\",\"position\":2,\"name\":\"Quem Somos\"}]},{\"@type\":\"WebSite\",\"@id\":\"https:\/\/advogadodetransitosp.com.br\/blog\/#website\",\"url\":\"https:\/\/advogadodetransitosp.com.br\/blog\/\",\"name\":\"blogdetransito\",\"description\":\"My WordPress Blog\",\"publisher\":{\"@id\":\"https:\/\/advogadodetransitosp.com.br\/blog\/#\/schema\/person\/4a8fca4c7d3d6aa0f7375316cc18f707\"},\"potentialAction\":[{\"@type\":\"SearchAction\",\"target\":{\"@type\":\"EntryPoint\",\"urlTemplate\":\"https:\/\/advogadodetransitosp.com.br\/blog\/?s={search_term_string}\"},\"query-input\":{\"@type\":\"PropertyValueSpecification\",\"valueRequired\":true,\"valueName\":\"search_term_string\"}}],\"inLanguage\":\"pt-PT\"},{\"@type\":[\"Person\",\"Organization\"],\"@id\":\"https:\/\/advogadodetransitosp.com.br\/blog\/#\/schema\/person\/4a8fca4c7d3d6aa0f7375316cc18f707\",\"name\":\"admin.blog\",\"image\":{\"@type\":\"ImageObject\",\"inLanguage\":\"pt-PT\",\"@id\":\"https:\/\/advogadodetransitosp.com.br\/blog\/wp-content\/uploads\/2025\/01\/DALL\u00b7E-2025-01-21-14.59.49-A-simple-and-modern-logo-for-a-traffic-themed-blog-featuring-a-minimalist-road-icon-curving-upward-with-a-traffic-sign-and-a-steering-wheel-symbol.-T.webp\",\"url\":\"https:\/\/advogadodetransitosp.com.br\/blog\/wp-content\/uploads\/2025\/01\/DALL\u00b7E-2025-01-21-14.59.49-A-simple-and-modern-logo-for-a-traffic-themed-blog-featuring-a-minimalist-road-icon-curving-upward-with-a-traffic-sign-and-a-steering-wheel-symbol.-T.webp\",\"contentUrl\":\"https:\/\/advogadodetransitosp.com.br\/blog\/wp-content\/uploads\/2025\/01\/DALL\u00b7E-2025-01-21-14.59.49-A-simple-and-modern-logo-for-a-traffic-themed-blog-featuring-a-minimalist-road-icon-curving-upward-with-a-traffic-sign-and-a-steering-wheel-symbol.-T.webp\",\"width\":1024,\"height\":1024,\"caption\":\"admin.blog\"},\"logo\":{\"@id\":\"https:\/\/advogadodetransitosp.com.br\/blog\/wp-content\/uploads\/2025\/01\/DALL\u00b7E-2025-01-21-14.59.49-A-simple-and-modern-logo-for-a-traffic-themed-blog-featuring-a-minimalist-road-icon-curving-upward-with-a-traffic-sign-and-a-steering-wheel-symbol.-T.webp\"},\"sameAs\":[\"https:\/\/advogadodetransitosp.com.br\/blog\"]}]}<\/script>\n<!-- \/ Yoast SEO plugin. -->","yoast_head_json":{"title":"Quem Somos - Blog Transito","robots":{"index":"index","follow":"follow","max-snippet":"max-snippet:-1","max-image-preview":"max-image-preview:large","max-video-preview":"max-video-preview:-1"},"canonical":"https:\/\/advogadodetransitosp.com.br\/blog\/quem-somos\/","og_locale":"pt_PT","og_type":"article","og_title":"Quem Somos - Blog Transito","og_description":"Meu nome \u00e9 Fabio Augusto Silveira, sou Advogado Especializado em Direito de Tr\u00e2nsito h\u00e1 mais de 11 anos e possuo uma trajet\u00f3ria de mais de 30 anos dedicados \u00e0 \u00e1rea de tr\u00e2nsito. Atualmente, fa\u00e7o parte da Comiss\u00e3o de Direito de Tr\u00e2nsito da OAB Campinas\/SP, o que refor\u00e7a meu compromisso com a excel\u00eancia e a \u00e9tica [&hellip;]","og_url":"https:\/\/advogadodetransitosp.com.br\/blog\/quem-somos\/","og_site_name":"Blog Transito","article_modified_time":"2025-01-28T18:32:00+00:00","twitter_card":"summary_large_image","twitter_misc":{"Tempo estimado de leitura":"2 minutos"},"schema":{"@context":"https:\/\/schema.org","@graph":[{"@type":"WebPage","@id":"https:\/\/advogadodetransitosp.com.br\/blog\/quem-somos\/","url":"https:\/\/advogadodetransitosp.com.br\/blog\/quem-somos\/","name":"Quem Somos - Blog Transito","isPartOf":{"@id":"https:\/\/advogadodetransitosp.com.br\/blog\/#website"},"datePublished":"2025-01-16T14:13:00+00:00","dateModified":"2025-01-28T18:32:00+00:00","breadcrumb":{"@id":"https:\/\/advogadodetransitosp.com.br\/blog\/quem-somos\/#breadcrumb"},"inLanguage":"pt-PT","potentialAction":[{"@type":"ReadAction","target":["https:\/\/advogadodetransitosp.com.br\/blog\/quem-somos\/"]}]},{"@type":"BreadcrumbList","@id":"https:\/\/advogadodetransitosp.com.br\/blog\/quem-somos\/#breadcrumb","itemListElement":[{"@type":"ListItem","position":1,"name":"In\u00edcio","item":"https:\/\/advogadodetransitosp.com.br\/blog\/"},{"@type":"ListItem","position":2,"name":"Quem Somos"}]},{"@type":"WebSite","@id":"https:\/\/advogadodetransitosp.com.br\/blog\/#website","url":"https:\/\/advogadodetransitosp.com.br\/blog\/","name":"blogdetransito","description":"My WordPress Blog","publisher":{"@id":"https:\/\/advogadodetransitosp.com.br\/blog\/#\/schema\/person\/4a8fca4c7d3d6aa0f7375316cc18f707"},"potentialAction":[{"@type":"SearchAction","target":{"@type":"EntryPoint","urlTemplate":"https:\/\/advogadodetransitosp.com.br\/blog\/?s={search_term_string}"},"query-input":{"@type":"PropertyValueSpecification","valueRequired":true,"valueName":"search_term_string"}}],"inLanguage":"pt-PT"},{"@type":["Person","Organization"],"@id":"https:\/\/advogadodetransitosp.com.br\/blog\/#\/schema\/person\/4a8fca4c7d3d6aa0f7375316cc18f707","name":"admin.blog","image":{"@type":"ImageObject","inLanguage":"pt-PT","@id":"https:\/\/advogadodetransitosp.com.br\/blog\/wp-content\/uploads\/2025\/01\/DALL\u00b7E-2025-01-21-14.59.49-A-simple-and-modern-logo-for-a-traffic-themed-blog-featuring-a-minimalist-road-icon-curving-upward-with-a-traffic-sign-and-a-steering-wheel-symbol.-T.webp","url":"https:\/\/advogadodetransitosp.com.br\/blog\/wp-content\/uploads\/2025\/01\/DALL\u00b7E-2025-01-21-14.59.49-A-simple-and-modern-logo-for-a-traffic-themed-blog-featuring-a-minimalist-road-icon-curving-upward-with-a-traffic-sign-and-a-steering-wheel-symbol.-T.webp","contentUrl":"https:\/\/advogadodetransitosp.com.br\/blog\/wp-content\/uploads\/2025\/01\/DALL\u00b7E-2025-01-21-14.59.49-A-simple-and-modern-logo-for-a-traffic-themed-blog-featuring-a-minimalist-road-icon-curving-upward-with-a-traffic-sign-and-a-steering-wheel-symbol.-T.webp","width":1024,"height":1024,"caption":"admin.blog"},"logo":{"@id":"https:\/\/advogadodetransitosp.com.br\/blog\/wp-content\/uploads\/2025\/01\/DALL\u00b7E-2025-01-21-14.59.49-A-simple-and-modern-logo-for-a-traffic-themed-blog-featuring-a-minimalist-road-icon-curving-upward-with-a-traffic-sign-and-a-steering-wheel-symbol.-T.webp"},"sameAs":["https:\/\/advogadodetransitosp.com.br\/blog"]}]}},"_links":{"self":[{"href":"https:\/\/advogadodetransitosp.com.br\/blog\/wp-json\/wp\/v2\/pages\/118","targetHints":{"allow":["GET"]}}],"collection":[{"href":"https:\/\/advogadodetransitosp.com.br\/blog\/wp-json\/wp\/v2\/pages"}],"about":[{"href":"https:\/\/advogadodetransitosp.com.br\/blog\/wp-json\/wp\/v2\/types\/page"}],"author":[{"embeddable":true,"href":"https:\/\/advogadodetransitosp.com.br\/blog\/wp-json\/wp\/v2\/users\/1"}],"replies":[{"embeddable":true,"href":"https:\/\/advogadodetransitosp.com.br\/blog\/wp-json\/wp\/v2\/comments?post=118"}],"version-history":[{"count":7,"href":"https:\/\/advogadodetransitosp.com.br\/blog\/wp-json\/wp\/v2\/pages\/118\/revisions"}],"predecessor-version":[{"id":221,"href":"https:\/\/advogadodetransitosp.com.br\/blog\/wp-json\/wp\/v2\/pages\/118\/revisions\/221"}],"wp:attachment":[{"href":"https:\/\/advogadodetransitosp.com.br\/blog\/wp-json\/wp\/v2\/media?parent=118"}],"curies":[{"name":"wp","href":"https:\/\/api.w.org\/{rel}","templated":true}]}}