{"id":121,"date":"2025-01-16T14:13:17","date_gmt":"2025-01-16T14:13:17","guid":{"rendered":"https:\/\/advogadodetransitosp.com.br\/blog\/?page_id=121"},"modified":"2025-01-27T19:43:40","modified_gmt":"2025-01-27T19:43:40","slug":"todos-os-posts","status":"publish","type":"page","link":"https:\/\/advogadodetransitosp.com.br\/blog\/todos-os-posts\/","title":{"rendered":"Todos os posts"},"content":{"rendered":"\t\t<div data-elementor-type=\"wp-page\" data-elementor-id=\"121\" class=\"elementor elementor-121\">\n\t\t\t\t<div class=\"elementor-element elementor-element-eb2fa65 e-flex e-con-boxed e-con e-parent\" data-id=\"eb2fa65\" data-element_type=\"container\" data-e-type=\"container\">\n\t\t\t\t\t<div class=\"e-con-inner\">\n\t\t\t\t<div class=\"elementor-element elementor-element-6ab36f1 elementor-widget elementor-widget-text-editor\" data-id=\"6ab36f1\" data-element_type=\"widget\" data-e-type=\"widget\" data-widget_type=\"text-editor.default\">\n\t\t\t\t<div class=\"elementor-widget-container\">\n\t\t\t\t\t\t\t\t\t<h4>Com o intuito de instruir condutores de veiculos e deixar claro informa\u00e7\u00f5es que muitas vezes n\u00e3o se encontra ou quando encontradas possuem um linguajar extramamente t\u00e9cnico, criamos este Blog sobre Tr\u00e2nsito!\u00a0<\/h4><h4>Se voc\u00ea busca entendimento sobre algo relacionado a sua CNH, veio ao lugar certo<strong>!<\/strong><\/h4>\t\t\t\t\t\t\t\t<\/div>\n\t\t\t\t<\/div>\n\t\t\t\t<div class=\"elementor-element elementor-element-1f6a7af elespare-section-title-elespare-left elementor-widget elementor-widget-post-list\" data-id=\"1f6a7af\" data-element_type=\"widget\" data-e-type=\"widget\" data-widget_type=\"post-list.default\">\n\t\t\t\t<div class=\"elementor-widget-container\">\n\t\t\t\t\t\n    <div class=\"elespare-list-wrap list-layout has-background \">\n      <div class=\"elespare-posts-wrap list-style-2 elespare-image-zoom  elespare-light\">\n                    <div class=\"elespare-posts-list-post-items\">\n                              <div class=\"elespare-img-wrapper\">\n\n                  \n                <\/div>\n              \n              <div class=\"elespare-content-wrapper\">\n                <ul class='elespare-cat-links border'><li class=\"elespare-meta-category\">\n                                <a class=\"elespare-categories\" href=\"https:\/\/advogadodetransitosp.com.br\/blog\/category\/duvidasgeraiscnh\/\">\n                                    Duvidas Gerais\n                                <\/a>\n                            <\/li><\/ul>\n    <h4 class=\"elespare-post-title\">\n        <a href=\"https:\/\/advogadodetransitosp.com.br\/blog\/perdi-o-prazo-para-recorrer-da-cassacao-da-cnh-e-agora\/\"> <span>Perdi o prazo para recorrer da cassa\u00e7\u00e3o da CNH, e agora?<\/span><\/a>\n    <\/h4>\n          <div class=\"elespare-metadata\">\n                          <span class=\"elespare-posts-full-post-author\">\n            <a href=\"https:\/\/advogadodetransitosp.com.br\/blog\/2025\/\">\n              <i class=\"demo-icon elespare-icons-clock-regular\" aria-hidden=\"true\"><\/i>\n              Setembro 23, 2025            <\/a>\n          <\/span>\n                      <\/div>\n\n              <\/div>\n                          <\/div>\n                    <div class=\"elespare-posts-list-post-items\">\n                              <div class=\"elespare-img-wrapper\">\n\n                      <a href=\"https:\/\/advogadodetransitosp.com.br\/blog\/bloqueio-da-cnh-por-processo-judicial-o-que-fazer\/\">\n            <img fetchpriority=\"high\" decoding=\"async\" width=\"768\" height=\"512\" src=\"https:\/\/advogadodetransitosp.com.br\/blog\/wp-content\/uploads\/2025\/09\/ChatGPT-Image-22-de-set.-de-2025-10_25_24-768x512.png\" class=\"attachment-medium_large size-medium_large wp-post-image\" alt=\"\" srcset=\"https:\/\/advogadodetransitosp.com.br\/blog\/wp-content\/uploads\/2025\/09\/ChatGPT-Image-22-de-set.-de-2025-10_25_24-768x512.png 768w, https:\/\/advogadodetransitosp.com.br\/blog\/wp-content\/uploads\/2025\/09\/ChatGPT-Image-22-de-set.-de-2025-10_25_24-300x200.png 300w, https:\/\/advogadodetransitosp.com.br\/blog\/wp-content\/uploads\/2025\/09\/ChatGPT-Image-22-de-set.-de-2025-10_25_24-1024x683.png 1024w, https:\/\/advogadodetransitosp.com.br\/blog\/wp-content\/uploads\/2025\/09\/ChatGPT-Image-22-de-set.-de-2025-10_25_24.png 1536w\" sizes=\"(max-width: 768px) 100vw, 768px\" \/>        <\/a>\n    \n                <\/div>\n              \n              <div class=\"elespare-content-wrapper\">\n                <ul class='elespare-cat-links border'><li class=\"elespare-meta-category\">\n                                <a class=\"elespare-categories\" href=\"https:\/\/advogadodetransitosp.com.br\/blog\/category\/cassacao-cnh\/\">\n                                    Cassa\u00e7\u00e3o da CNH\n                                <\/a>\n                            <\/li><\/ul>\n    <h4 class=\"elespare-post-title\">\n        <a href=\"https:\/\/advogadodetransitosp.com.br\/blog\/bloqueio-da-cnh-por-processo-judicial-o-que-fazer\/\"> <span>Bloqueio da CNH por Processo Judicial: O Que Fazer?<\/span><\/a>\n    <\/h4>\n          <div class=\"elespare-metadata\">\n                          <span class=\"elespare-posts-full-post-author\">\n            <a href=\"https:\/\/advogadodetransitosp.com.br\/blog\/2025\/\">\n              <i class=\"demo-icon elespare-icons-clock-regular\" aria-hidden=\"true\"><\/i>\n              Setembro 22, 2025            <\/a>\n          <\/span>\n                      <\/div>\n\n              <\/div>\n                          <\/div>\n                    <div class=\"elespare-posts-list-post-items\">\n                              <div class=\"elespare-img-wrapper\">\n\n                      <a href=\"https:\/\/advogadodetransitosp.com.br\/blog\/multas-que-suspendem-a-cnh-imediatamente-o-que-sao-e-como-recorrer\/\">\n            <img decoding=\"async\" width=\"768\" height=\"512\" src=\"https:\/\/advogadodetransitosp.com.br\/blog\/wp-content\/uploads\/2025\/09\/ChatGPT-Image-15-de-set.-de-2025-15_44_43-768x512.png\" class=\"attachment-medium_large size-medium_large wp-post-image\" alt=\"\" srcset=\"https:\/\/advogadodetransitosp.com.br\/blog\/wp-content\/uploads\/2025\/09\/ChatGPT-Image-15-de-set.-de-2025-15_44_43-768x512.png 768w, https:\/\/advogadodetransitosp.com.br\/blog\/wp-content\/uploads\/2025\/09\/ChatGPT-Image-15-de-set.-de-2025-15_44_43-300x200.png 300w, https:\/\/advogadodetransitosp.com.br\/blog\/wp-content\/uploads\/2025\/09\/ChatGPT-Image-15-de-set.-de-2025-15_44_43-1024x683.png 1024w, https:\/\/advogadodetransitosp.com.br\/blog\/wp-content\/uploads\/2025\/09\/ChatGPT-Image-15-de-set.-de-2025-15_44_43.png 1536w\" sizes=\"(max-width: 768px) 100vw, 768px\" \/>        <\/a>\n    \n                <\/div>\n              \n              <div class=\"elespare-content-wrapper\">\n                <ul class='elespare-cat-links border'><li class=\"elespare-meta-category\">\n                                <a class=\"elespare-categories\" href=\"https:\/\/advogadodetransitosp.com.br\/blog\/category\/duvidasgeraiscnh\/\">\n                                    Duvidas Gerais\n                                <\/a>\n                            <\/li><\/ul>\n    <h4 class=\"elespare-post-title\">\n        <a href=\"https:\/\/advogadodetransitosp.com.br\/blog\/multas-que-suspendem-a-cnh-imediatamente-o-que-sao-e-como-recorrer\/\"> <span>Multas que Suspendem a CNH Imediatamente: O Que S\u00e3o e Como Recorrer<\/span><\/a>\n    <\/h4>\n          <div class=\"elespare-metadata\">\n                          <span class=\"elespare-posts-full-post-author\">\n            <a href=\"https:\/\/advogadodetransitosp.com.br\/blog\/2025\/\">\n              <i class=\"demo-icon elespare-icons-clock-regular\" aria-hidden=\"true\"><\/i>\n              Setembro 15, 2025            <\/a>\n          <\/span>\n                      <\/div>\n\n              <\/div>\n                          <\/div>\n                    <div class=\"elespare-posts-list-post-items\">\n                              <div class=\"elespare-img-wrapper\">\n\n                      <a href=\"https:\/\/advogadodetransitosp.com.br\/blog\/quantos-pontos-suspendem-a-cnh-em-sp-atualizado-2025\/\">\n            <img decoding=\"async\" width=\"768\" height=\"512\" src=\"https:\/\/advogadodetransitosp.com.br\/blog\/wp-content\/uploads\/2025\/09\/ChatGPT-Image-10-de-set.-de-2025-10_51_09.png\" class=\"attachment-medium_large size-medium_large wp-post-image\" alt=\"\" srcset=\"https:\/\/advogadodetransitosp.com.br\/blog\/wp-content\/uploads\/2025\/09\/ChatGPT-Image-10-de-set.-de-2025-10_51_09.png 1536w, https:\/\/advogadodetransitosp.com.br\/blog\/wp-content\/uploads\/2025\/09\/ChatGPT-Image-10-de-set.-de-2025-10_51_09-300x200.png 300w\" sizes=\"(max-width: 768px) 100vw, 768px\" \/>        <\/a>\n    \n                <\/div>\n              \n              <div class=\"elespare-content-wrapper\">\n                <ul class='elespare-cat-links border'><li class=\"elespare-meta-category\">\n                                <a class=\"elespare-categories\" href=\"https:\/\/advogadodetransitosp.com.br\/blog\/category\/duvidasgeraiscnh\/\">\n                                    Duvidas Gerais\n                                <\/a>\n                            <\/li><li class=\"elespare-meta-category\">\n                                <a class=\"elespare-categories\" href=\"https:\/\/advogadodetransitosp.com.br\/blog\/category\/suspensao-cnh\/\">\n                                    Suspens\u00e3o da CNH\n                                <\/a>\n                            <\/li><\/ul>\n    <h4 class=\"elespare-post-title\">\n        <a href=\"https:\/\/advogadodetransitosp.com.br\/blog\/quantos-pontos-suspendem-a-cnh-em-sp-atualizado-2025\/\"> <span>Quantos pontos suspendem a CNH em SP? (Atualizado 2025)<\/span><\/a>\n    <\/h4>\n          <div class=\"elespare-metadata\">\n                          <span class=\"elespare-posts-full-post-author\">\n            <a href=\"https:\/\/advogadodetransitosp.com.br\/blog\/2025\/\">\n              <i class=\"demo-icon elespare-icons-clock-regular\" aria-hidden=\"true\"><\/i>\n              Setembro 10, 2025            <\/a>\n          <\/span>\n                      <\/div>\n\n              <\/div>\n                          <\/div>\n                    <div class=\"elespare-posts-list-post-items\">\n                              <div class=\"elespare-img-wrapper\">\n\n                      <a href=\"https:\/\/advogadodetransitosp.com.br\/blog\/diferenca-entre-multa-leve-media-grave-gravissima-e-autossuspensiva\/\">\n            <img loading=\"lazy\" decoding=\"async\" width=\"768\" height=\"768\" src=\"https:\/\/advogadodetransitosp.com.br\/blog\/wp-content\/uploads\/2025\/09\/ChatGPT-Image-15-de-set.-de-2025-15_58_05-768x768.png\" class=\"attachment-medium_large size-medium_large wp-post-image\" alt=\"\" srcset=\"https:\/\/advogadodetransitosp.com.br\/blog\/wp-content\/uploads\/2025\/09\/ChatGPT-Image-15-de-set.-de-2025-15_58_05-768x768.png 768w, https:\/\/advogadodetransitosp.com.br\/blog\/wp-content\/uploads\/2025\/09\/ChatGPT-Image-15-de-set.-de-2025-15_58_05-300x300.png 300w, https:\/\/advogadodetransitosp.com.br\/blog\/wp-content\/uploads\/2025\/09\/ChatGPT-Image-15-de-set.-de-2025-15_58_05-150x150.png 150w, https:\/\/advogadodetransitosp.com.br\/blog\/wp-content\/uploads\/2025\/09\/ChatGPT-Image-15-de-set.-de-2025-15_58_05-600x600.png 600w, https:\/\/advogadodetransitosp.com.br\/blog\/wp-content\/uploads\/2025\/09\/ChatGPT-Image-15-de-set.-de-2025-15_58_05.png 1024w\" sizes=\"(max-width: 768px) 100vw, 768px\" \/>        <\/a>\n    \n                <\/div>\n              \n              <div class=\"elespare-content-wrapper\">\n                <ul class='elespare-cat-links border'><li class=\"elespare-meta-category\">\n                                <a class=\"elespare-categories\" href=\"https:\/\/advogadodetransitosp.com.br\/blog\/category\/duvidasgeraiscnh\/\">\n                                    Duvidas Gerais\n                                <\/a>\n                            <\/li><\/ul>\n    <h4 class=\"elespare-post-title\">\n        <a href=\"https:\/\/advogadodetransitosp.com.br\/blog\/diferenca-entre-multa-leve-media-grave-gravissima-e-autossuspensiva\/\"> <span>Diferen\u00e7a entre multa leve, m\u00e9dia, grave, grav\u00edssima e autossuspensiva<\/span><\/a>\n    <\/h4>\n          <div class=\"elespare-metadata\">\n                          <span class=\"elespare-posts-full-post-author\">\n            <a href=\"https:\/\/advogadodetransitosp.com.br\/blog\/2025\/\">\n              <i class=\"demo-icon elespare-icons-clock-regular\" aria-hidden=\"true\"><\/i>\n              Agosto 20, 2025            <\/a>\n          <\/span>\n                      <\/div>\n\n              <\/div>\n                          <\/div>\n                    <div class=\"elespare-posts-list-post-items\">\n                              <div class=\"elespare-img-wrapper\">\n\n                      <a href=\"https:\/\/advogadodetransitosp.com.br\/blog\/recebi-uma-multa-que-nao-cometi-posso-cancelar\/\">\n            <img loading=\"lazy\" decoding=\"async\" width=\"768\" height=\"1152\" src=\"https:\/\/advogadodetransitosp.com.br\/blog\/wp-content\/uploads\/2025\/08\/ChatGPT-Image-18-de-ago.-de-2025-13_53_55-768x1152.png\" class=\"attachment-medium_large size-medium_large wp-post-image\" alt=\"\" srcset=\"https:\/\/advogadodetransitosp.com.br\/blog\/wp-content\/uploads\/2025\/08\/ChatGPT-Image-18-de-ago.-de-2025-13_53_55-768x1152.png 768w, https:\/\/advogadodetransitosp.com.br\/blog\/wp-content\/uploads\/2025\/08\/ChatGPT-Image-18-de-ago.-de-2025-13_53_55-200x300.png 200w, https:\/\/advogadodetransitosp.com.br\/blog\/wp-content\/uploads\/2025\/08\/ChatGPT-Image-18-de-ago.-de-2025-13_53_55-683x1024.png 683w, https:\/\/advogadodetransitosp.com.br\/blog\/wp-content\/uploads\/2025\/08\/ChatGPT-Image-18-de-ago.-de-2025-13_53_55.png 1024w\" sizes=\"(max-width: 768px) 100vw, 768px\" \/>        <\/a>\n    \n                <\/div>\n              \n              <div class=\"elespare-content-wrapper\">\n                <ul class='elespare-cat-links border'><li class=\"elespare-meta-category\">\n                                <a class=\"elespare-categories\" href=\"https:\/\/advogadodetransitosp.com.br\/blog\/category\/duvidasgeraiscnh\/\">\n                                    Duvidas Gerais\n                                <\/a>\n                            <\/li><\/ul>\n    <h4 class=\"elespare-post-title\">\n        <a href=\"https:\/\/advogadodetransitosp.com.br\/blog\/recebi-uma-multa-que-nao-cometi-posso-cancelar\/\"> <span>Recebi uma multa que n\u00e3o cometi: posso cancelar?<\/span><\/a>\n    <\/h4>\n          <div class=\"elespare-metadata\">\n                          <span class=\"elespare-posts-full-post-author\">\n            <a href=\"https:\/\/advogadodetransitosp.com.br\/blog\/2025\/\">\n              <i class=\"demo-icon elespare-icons-clock-regular\" aria-hidden=\"true\"><\/i>\n              Agosto 18, 2025            <\/a>\n          <\/span>\n                      <\/div>\n\n              <\/div>\n                          <\/div>\n              <\/div>\n    <\/div>\n    \t\t\t\t<\/div>\n\t\t\t\t<\/div>\n\t\t\t\t\t<\/div>\n\t\t\t\t<\/div>\n\t\t<div class=\"elementor-element elementor-element-bf729bb e-flex e-con-boxed e-con e-parent\" data-id=\"bf729bb\" data-element_type=\"container\" data-e-type=\"container\">\n\t\t\t\t\t<div class=\"e-con-inner\">\n\t\t\t\t\t<\/div>\n\t\t\t\t<\/div>\n\t\t\t\t<\/div>\n\t\t","protected":false},"excerpt":{"rendered":"<p>Com o intuito de instruir condutores de veiculos e deixar claro informa\u00e7\u00f5es que muitas vezes n\u00e3o se encontra ou quando encontradas possuem um linguajar extramamente t\u00e9cnico, criamos este Blog sobre Tr\u00e2nsito!\u00a0 Se voc\u00ea busca entendimento sobre algo relacionado a sua CNH, veio ao lugar certo! Bloqueio da CNH CNH Bloqueada: Entenda o Que Fazer Para [&hellip;]<\/p>\n","protected":false},"author":1,"featured_media":0,"parent":0,"menu_order":0,"comment_status":"closed","ping_status":"closed","template":"elementor_header_footer","meta":{"footnotes":""},"class_list":["post-121","page","type-page","status-publish","hentry","entry","has-media"],"yoast_head":"<!-- This site is optimized with the Yoast SEO plugin v27.2 - https:\/\/yoast.com\/product\/yoast-seo-wordpress\/ -->\n<title>Todos os posts - Blog Transito<\/title>\n<meta name=\"robots\" content=\"index, follow, max-snippet:-1, max-image-preview:large, max-video-preview:-1\" \/>\n<link rel=\"canonical\" href=\"https:\/\/advogadodetransitosp.com.br\/blog\/todos-os-posts\/\" \/>\n<meta property=\"og:locale\" content=\"pt_PT\" \/>\n<meta property=\"og:type\" content=\"article\" \/>\n<meta property=\"og:title\" content=\"Todos os posts - Blog Transito\" \/>\n<meta property=\"og:description\" content=\"Com o intuito de instruir condutores de veiculos e deixar claro informa\u00e7\u00f5es que muitas vezes n\u00e3o se encontra ou quando encontradas possuem um linguajar extramamente t\u00e9cnico, criamos este Blog sobre Tr\u00e2nsito!\u00a0 Se voc\u00ea busca entendimento sobre algo relacionado a sua CNH, veio ao lugar certo! Bloqueio da CNH CNH Bloqueada: Entenda o Que Fazer Para [&hellip;]\" \/>\n<meta property=\"og:url\" content=\"https:\/\/advogadodetransitosp.com.br\/blog\/todos-os-posts\/\" \/>\n<meta property=\"og:site_name\" content=\"Blog Transito\" \/>\n<meta property=\"article:modified_time\" content=\"2025-01-27T19:43:40+00:00\" \/>\n<meta property=\"og:image\" content=\"http:\/\/advogadodetransitosp.com.br\/blog\/wp-content\/uploads\/2025\/01\/cnh-4-768x512.jpeg\" \/>\n<meta name=\"twitter:card\" content=\"summary_large_image\" \/>\n<meta name=\"twitter:label1\" content=\"Tempo estimado de leitura\" \/>\n\t<meta name=\"twitter:data1\" content=\"2 minutos\" \/>\n<script type=\"application\/ld+json\" class=\"yoast-schema-graph\">{\"@context\":\"https:\/\/schema.org\",\"@graph\":[{\"@type\":\"WebPage\",\"@id\":\"https:\/\/advogadodetransitosp.com.br\/blog\/todos-os-posts\/\",\"url\":\"https:\/\/advogadodetransitosp.com.br\/blog\/todos-os-posts\/\",\"name\":\"Todos os posts - Blog Transito\",\"isPartOf\":{\"@id\":\"https:\/\/advogadodetransitosp.com.br\/blog\/#website\"},\"primaryImageOfPage\":{\"@id\":\"https:\/\/advogadodetransitosp.com.br\/blog\/todos-os-posts\/#primaryimage\"},\"image\":{\"@id\":\"https:\/\/advogadodetransitosp.com.br\/blog\/todos-os-posts\/#primaryimage\"},\"thumbnailUrl\":\"http:\/\/advogadodetransitosp.com.br\/blog\/wp-content\/uploads\/2025\/01\/cnh-4-768x512.jpeg\",\"datePublished\":\"2025-01-16T14:13:17+00:00\",\"dateModified\":\"2025-01-27T19:43:40+00:00\",\"breadcrumb\":{\"@id\":\"https:\/\/advogadodetransitosp.com.br\/blog\/todos-os-posts\/#breadcrumb\"},\"inLanguage\":\"pt-PT\",\"potentialAction\":[{\"@type\":\"ReadAction\",\"target\":[\"https:\/\/advogadodetransitosp.com.br\/blog\/todos-os-posts\/\"]}]},{\"@type\":\"ImageObject\",\"inLanguage\":\"pt-PT\",\"@id\":\"https:\/\/advogadodetransitosp.com.br\/blog\/todos-os-posts\/#primaryimage\",\"url\":\"http:\/\/advogadodetransitosp.com.br\/blog\/wp-content\/uploads\/2025\/01\/cnh-4-768x512.jpeg\",\"contentUrl\":\"http:\/\/advogadodetransitosp.com.br\/blog\/wp-content\/uploads\/2025\/01\/cnh-4-768x512.jpeg\"},{\"@type\":\"BreadcrumbList\",\"@id\":\"https:\/\/advogadodetransitosp.com.br\/blog\/todos-os-posts\/#breadcrumb\",\"itemListElement\":[{\"@type\":\"ListItem\",\"position\":1,\"name\":\"In\u00edcio\",\"item\":\"https:\/\/advogadodetransitosp.com.br\/blog\/\"},{\"@type\":\"ListItem\",\"position\":2,\"name\":\"Todos os posts\"}]},{\"@type\":\"WebSite\",\"@id\":\"https:\/\/advogadodetransitosp.com.br\/blog\/#website\",\"url\":\"https:\/\/advogadodetransitosp.com.br\/blog\/\",\"name\":\"blogdetransito\",\"description\":\"My WordPress Blog\",\"publisher\":{\"@id\":\"https:\/\/advogadodetransitosp.com.br\/blog\/#\/schema\/person\/4a8fca4c7d3d6aa0f7375316cc18f707\"},\"potentialAction\":[{\"@type\":\"SearchAction\",\"target\":{\"@type\":\"EntryPoint\",\"urlTemplate\":\"https:\/\/advogadodetransitosp.com.br\/blog\/?s={search_term_string}\"},\"query-input\":{\"@type\":\"PropertyValueSpecification\",\"valueRequired\":true,\"valueName\":\"search_term_string\"}}],\"inLanguage\":\"pt-PT\"},{\"@type\":[\"Person\",\"Organization\"],\"@id\":\"https:\/\/advogadodetransitosp.com.br\/blog\/#\/schema\/person\/4a8fca4c7d3d6aa0f7375316cc18f707\",\"name\":\"admin.blog\",\"image\":{\"@type\":\"ImageObject\",\"inLanguage\":\"pt-PT\",\"@id\":\"https:\/\/advogadodetransitosp.com.br\/blog\/wp-content\/uploads\/2025\/01\/DALL\u00b7E-2025-01-21-14.59.49-A-simple-and-modern-logo-for-a-traffic-themed-blog-featuring-a-minimalist-road-icon-curving-upward-with-a-traffic-sign-and-a-steering-wheel-symbol.-T.webp\",\"url\":\"https:\/\/advogadodetransitosp.com.br\/blog\/wp-content\/uploads\/2025\/01\/DALL\u00b7E-2025-01-21-14.59.49-A-simple-and-modern-logo-for-a-traffic-themed-blog-featuring-a-minimalist-road-icon-curving-upward-with-a-traffic-sign-and-a-steering-wheel-symbol.-T.webp\",\"contentUrl\":\"https:\/\/advogadodetransitosp.com.br\/blog\/wp-content\/uploads\/2025\/01\/DALL\u00b7E-2025-01-21-14.59.49-A-simple-and-modern-logo-for-a-traffic-themed-blog-featuring-a-minimalist-road-icon-curving-upward-with-a-traffic-sign-and-a-steering-wheel-symbol.-T.webp\",\"width\":1024,\"height\":1024,\"caption\":\"admin.blog\"},\"logo\":{\"@id\":\"https:\/\/advogadodetransitosp.com.br\/blog\/wp-content\/uploads\/2025\/01\/DALL\u00b7E-2025-01-21-14.59.49-A-simple-and-modern-logo-for-a-traffic-themed-blog-featuring-a-minimalist-road-icon-curving-upward-with-a-traffic-sign-and-a-steering-wheel-symbol.-T.webp\"},\"sameAs\":[\"https:\/\/advogadodetransitosp.com.br\/blog\"]}]}<\/script>\n<!-- \/ Yoast SEO plugin. -->","yoast_head_json":{"title":"Todos os posts - Blog Transito","robots":{"index":"index","follow":"follow","max-snippet":"max-snippet:-1","max-image-preview":"max-image-preview:large","max-video-preview":"max-video-preview:-1"},"canonical":"https:\/\/advogadodetransitosp.com.br\/blog\/todos-os-posts\/","og_locale":"pt_PT","og_type":"article","og_title":"Todos os posts - Blog Transito","og_description":"Com o intuito de instruir condutores de veiculos e deixar claro informa\u00e7\u00f5es que muitas vezes n\u00e3o se encontra ou quando encontradas possuem um linguajar extramamente t\u00e9cnico, criamos este Blog sobre Tr\u00e2nsito!\u00a0 Se voc\u00ea busca entendimento sobre algo relacionado a sua CNH, veio ao lugar certo! Bloqueio da CNH CNH Bloqueada: Entenda o Que Fazer Para [&hellip;]","og_url":"https:\/\/advogadodetransitosp.com.br\/blog\/todos-os-posts\/","og_site_name":"Blog Transito","article_modified_time":"2025-01-27T19:43:40+00:00","og_image":[{"url":"http:\/\/advogadodetransitosp.com.br\/blog\/wp-content\/uploads\/2025\/01\/cnh-4-768x512.jpeg","type":"","width":"","height":""}],"twitter_card":"summary_large_image","twitter_misc":{"Tempo estimado de leitura":"2 minutos"},"schema":{"@context":"https:\/\/schema.org","@graph":[{"@type":"WebPage","@id":"https:\/\/advogadodetransitosp.com.br\/blog\/todos-os-posts\/","url":"https:\/\/advogadodetransitosp.com.br\/blog\/todos-os-posts\/","name":"Todos os posts - Blog Transito","isPartOf":{"@id":"https:\/\/advogadodetransitosp.com.br\/blog\/#website"},"primaryImageOfPage":{"@id":"https:\/\/advogadodetransitosp.com.br\/blog\/todos-os-posts\/#primaryimage"},"image":{"@id":"https:\/\/advogadodetransitosp.com.br\/blog\/todos-os-posts\/#primaryimage"},"thumbnailUrl":"http:\/\/advogadodetransitosp.com.br\/blog\/wp-content\/uploads\/2025\/01\/cnh-4-768x512.jpeg","datePublished":"2025-01-16T14:13:17+00:00","dateModified":"2025-01-27T19:43:40+00:00","breadcrumb":{"@id":"https:\/\/advogadodetransitosp.com.br\/blog\/todos-os-posts\/#breadcrumb"},"inLanguage":"pt-PT","potentialAction":[{"@type":"ReadAction","target":["https:\/\/advogadodetransitosp.com.br\/blog\/todos-os-posts\/"]}]},{"@type":"ImageObject","inLanguage":"pt-PT","@id":"https:\/\/advogadodetransitosp.com.br\/blog\/todos-os-posts\/#primaryimage","url":"http:\/\/advogadodetransitosp.com.br\/blog\/wp-content\/uploads\/2025\/01\/cnh-4-768x512.jpeg","contentUrl":"http:\/\/advogadodetransitosp.com.br\/blog\/wp-content\/uploads\/2025\/01\/cnh-4-768x512.jpeg"},{"@type":"BreadcrumbList","@id":"https:\/\/advogadodetransitosp.com.br\/blog\/todos-os-posts\/#breadcrumb","itemListElement":[{"@type":"ListItem","position":1,"name":"In\u00edcio","item":"https:\/\/advogadodetransitosp.com.br\/blog\/"},{"@type":"ListItem","position":2,"name":"Todos os posts"}]},{"@type":"WebSite","@id":"https:\/\/advogadodetransitosp.com.br\/blog\/#website","url":"https:\/\/advogadodetransitosp.com.br\/blog\/","name":"blogdetransito","description":"My WordPress Blog","publisher":{"@id":"https:\/\/advogadodetransitosp.com.br\/blog\/#\/schema\/person\/4a8fca4c7d3d6aa0f7375316cc18f707"},"potentialAction":[{"@type":"SearchAction","target":{"@type":"EntryPoint","urlTemplate":"https:\/\/advogadodetransitosp.com.br\/blog\/?s={search_term_string}"},"query-input":{"@type":"PropertyValueSpecification","valueRequired":true,"valueName":"search_term_string"}}],"inLanguage":"pt-PT"},{"@type":["Person","Organization"],"@id":"https:\/\/advogadodetransitosp.com.br\/blog\/#\/schema\/person\/4a8fca4c7d3d6aa0f7375316cc18f707","name":"admin.blog","image":{"@type":"ImageObject","inLanguage":"pt-PT","@id":"https:\/\/advogadodetransitosp.com.br\/blog\/wp-content\/uploads\/2025\/01\/DALL\u00b7E-2025-01-21-14.59.49-A-simple-and-modern-logo-for-a-traffic-themed-blog-featuring-a-minimalist-road-icon-curving-upward-with-a-traffic-sign-and-a-steering-wheel-symbol.-T.webp","url":"https:\/\/advogadodetransitosp.com.br\/blog\/wp-content\/uploads\/2025\/01\/DALL\u00b7E-2025-01-21-14.59.49-A-simple-and-modern-logo-for-a-traffic-themed-blog-featuring-a-minimalist-road-icon-curving-upward-with-a-traffic-sign-and-a-steering-wheel-symbol.-T.webp","contentUrl":"https:\/\/advogadodetransitosp.com.br\/blog\/wp-content\/uploads\/2025\/01\/DALL\u00b7E-2025-01-21-14.59.49-A-simple-and-modern-logo-for-a-traffic-themed-blog-featuring-a-minimalist-road-icon-curving-upward-with-a-traffic-sign-and-a-steering-wheel-symbol.-T.webp","width":1024,"height":1024,"caption":"admin.blog"},"logo":{"@id":"https:\/\/advogadodetransitosp.com.br\/blog\/wp-content\/uploads\/2025\/01\/DALL\u00b7E-2025-01-21-14.59.49-A-simple-and-modern-logo-for-a-traffic-themed-blog-featuring-a-minimalist-road-icon-curving-upward-with-a-traffic-sign-and-a-steering-wheel-symbol.-T.webp"},"sameAs":["https:\/\/advogadodetransitosp.com.br\/blog"]}]}},"_links":{"self":[{"href":"https:\/\/advogadodetransitosp.com.br\/blog\/wp-json\/wp\/v2\/pages\/121","targetHints":{"allow":["GET"]}}],"collection":[{"href":"https:\/\/advogadodetransitosp.com.br\/blog\/wp-json\/wp\/v2\/pages"}],"about":[{"href":"https:\/\/advogadodetransitosp.com.br\/blog\/wp-json\/wp\/v2\/types\/page"}],"author":[{"embeddable":true,"href":"https:\/\/advogadodetransitosp.com.br\/blog\/wp-json\/wp\/v2\/users\/1"}],"replies":[{"embeddable":true,"href":"https:\/\/advogadodetransitosp.com.br\/blog\/wp-json\/wp\/v2\/comments?post=121"}],"version-history":[{"count":13,"href":"https:\/\/advogadodetransitosp.com.br\/blog\/wp-json\/wp\/v2\/pages\/121\/revisions"}],"predecessor-version":[{"id":216,"href":"https:\/\/advogadodetransitosp.com.br\/blog\/wp-json\/wp\/v2\/pages\/121\/revisions\/216"}],"wp:attachment":[{"href":"https:\/\/advogadodetransitosp.com.br\/blog\/wp-json\/wp\/v2\/media?parent=121"}],"curies":[{"name":"wp","href":"https:\/\/api.w.org\/{rel}","templated":true}]}}