{"id":243,"date":"2025-01-31T13:10:20","date_gmt":"2025-01-31T13:10:20","guid":{"rendered":"https:\/\/advogadodetransitosp.com.br\/blog\/?page_id=243"},"modified":"2025-01-31T13:45:55","modified_gmt":"2025-01-31T13:45:55","slug":"politica-de-coockies","status":"publish","type":"page","link":"https:\/\/advogadodetransitosp.com.br\/blog\/politica-de-coockies\/","title":{"rendered":"Pol\u00edtica de Coockies"},"content":{"rendered":"\t\t<div data-elementor-type=\"wp-page\" data-elementor-id=\"243\" class=\"elementor elementor-243\">\n\t\t\t\t<div class=\"elementor-element elementor-element-0a5a336 e-flex e-con-boxed e-con e-parent\" data-id=\"0a5a336\" data-element_type=\"container\" data-e-type=\"container\">\n\t\t\t\t\t<div class=\"e-con-inner\">\n\t\t\t\t<div class=\"elementor-element elementor-element-8f3eb28 elementor-widget elementor-widget-heading\" data-id=\"8f3eb28\" data-element_type=\"widget\" data-e-type=\"widget\" data-widget_type=\"heading.default\">\n\t\t\t\t<div class=\"elementor-widget-container\">\n\t\t\t\t\t<h2 class=\"elementor-heading-title elementor-size-default\">Pol\u00edtica de Coockies<\/h2>\t\t\t\t<\/div>\n\t\t\t\t<\/div>\n\t\t\t\t<div class=\"elementor-element elementor-element-36999aa elementor-widget elementor-widget-text-editor\" data-id=\"36999aa\" data-element_type=\"widget\" data-e-type=\"widget\" data-widget_type=\"text-editor.default\">\n\t\t\t\t<div class=\"elementor-widget-container\">\n\t\t\t\t\t\t\t\t\t<style>\n    a.cky-banner-element {\n        padding: 8px 30px;\n        background: #F8F9FA;\n        color: #858A8F;\n        border: 1px solid #DEE2E6;\n        box-sizing: border-box;\n        border-radius: 2px;\n        cursor: pointer;\n}\n<\/style>\n<h1 class=\"cookie-policy-h1\">Cookie Policy<\/h1>\n<p>\n    Data Efetiva: 31-Jan-2025 <br>\n    \u00daltima atualiza\u00e7\u00e3o: 31-Jan-2025\n<\/p>\n\n&nbsp;\n<h5>O que s\u00e3o cookies?<\/h5>\n<div class=\"cookie-policy-p\"><p>Esta Pol\u00edtica de Cookies explica o que s\u00e3o cookies e como os usamos, os tipos de cookies que usamos, ou seja, as informa\u00e7\u00f5es que coletamos usando cookies e como essas informa\u00e7\u00f5es s\u00e3o usadas, e como gerenciar as configura\u00e7\u00f5es de cookies.<\/p> <p>Cookies s\u00e3o pequenos arquivos de texto usados \u200b\u200bpara armazenar pequenas informa\u00e7\u00f5es. Eles s\u00e3o armazenados no seu dispositivo quando o site \u00e9 carregado no seu navegador. Estes cookies ajudam-nos a fazer com que o site funcione corretamente, torn\u00e1-lo mais seguro, proporcionar uma melhor experi\u00eancia ao utilizador e compreender o desempenho do site e analisar o que funciona e onde precisa de ser melhorado.<\/p><\/div>\n\n&nbsp;\n<h5>Como usamos os cookies?<\/h5>\n<div class=\"cookie-policy-p\"><p>Tal como a maioria dos servi\u00e7os online, o nosso site utiliza cookies pr\u00f3prios e de terceiros para diversos fins. Os cookies prim\u00e1rios s\u00e3o principalmente necess\u00e1rios para que o site funcione corretamente e n\u00e3o coletam nenhum dos seus dados de identifica\u00e7\u00e3o pessoal.<\/p> <p>Os cookies de terceiros usados \u200b\u200bem nosso site s\u00e3o principalmente para entender o desempenho do site, como voc\u00ea interage com nosso site, manter nossos servi\u00e7os seguros, fornecer an\u00fancios que sejam relevantes para voc\u00ea e, em suma, fornecer-lhe um usu\u00e1rio melhor e melhorado. experi\u00eancia e ajudar a acelerar suas futuras intera\u00e7\u00f5es com nosso site.<\/p><\/div>\n\n&nbsp;\n\n    <div class=\"cky-audit-table-element\"><\/div>\n\n&nbsp;\n    <h5 style=\"margin-bottom:20px;\">Gerenciar prefer\u00eancias de cookies<\/h5>\n\n    <a class=\"cky-banner-element\">Configura\u00e7\u00f5es de Coockie<\/a> <br\/>\n\n    <div><p>Voc\u00ea pode alterar suas prefer\u00eancias de cookies a qualquer momento clicando no bot\u00e3o acima. Isso permitir\u00e1 que voc\u00ea revisite o banner de consentimento de cookies e altere suas prefer\u00eancias ou retire seu consentimento imediatamente.<br \/>\n<\/p><p><br \/>\nAl\u00e9m disso, diferentes navegadores oferecem diferentes m\u00e9todos para bloquear e excluir cookies usados \u200b\u200bpor sites. Voc\u00ea pode alterar as configura\u00e7\u00f5es do seu navegador para bloquear\/excluir os cookies. Listados abaixo est\u00e3o os links para os documentos de suporte sobre como gerenciar e excluir cookies dos principais navegadores da web.<\/p><p>Chrome: <a href=\"https:\/\/support.google.com\/accounts\/answer\/32050\" rel=\"noopener noreferrer\" target=\"_blank\">https:\/\/support.google.com\/accounts\/answer\/32050<\/a><\/p><p>Safari: <a href=\"https:\/\/support.apple.com\/en-in\/guide\/safari\/sfri11471\/mac\" rel=\"noopener noreferrer\" target=\"_blank\">https:\/\/support.apple.com\/en-in\/guide\/safari\/sfri11471\/mac<\/a><\/p><p>Firefox: <a href=\"https:\/\/support.mozilla.org\/en-US\/kb\/clear-cookies-and-site-data-firefox?redirectslug=delete-cookies-remove-info-websites-stored&amp;redirectlocale=en-US\" rel=\"noopener noreferrer\" target=\"_blank\">https:\/\/support.mozilla.org\/en-US\/kb\/clear-cookies-and-site-data-firefox?redirectslug=delete-cookies-remove-info-websites-stored&amp;redirectlocale=en-US<\/a><\/p><p>Internet Explorer: <a href=\"https:\/\/support.microsoft.com\/en-us\/topic\/how-to-delete-cookie-files-in-internet-explorer-bca9446f-d873-78de-77ba-d42645fa52fc\" rel=\"noopener noreferrer\" target=\"_blank\">https:\/\/support.microsoft.com\/en-us\/topic\/how-to-delete-cookie-files-in-internet-explorer-bca9446f-d873-78de-77ba-d42645fa52fc<\/a><\/p><p>Se voc\u00ea estiver usando qualquer outro navegador da web, visite os documentos oficiais de suporte do seu navegador.<\/p><\/div>\n\n\n&nbsp;\n<p class=\"cookie-policy-p\">\n    Cookie Policy Generated By  <a target=\"_blank\" href=\"https:\/\/www.cookieyes.com\/?utm_source=CP&#038;utm_medium=footer&#038;utm_campaign=UW\">CookieYes &#8211; Cookie Policy Generator<\/a>.\n<\/p>\n\t\t\t\t\t\t\t\t<\/div>\n\t\t\t\t<\/div>\n\t\t\t\t\t<\/div>\n\t\t\t\t<\/div>\n\t\t\t\t<\/div>\n\t\t","protected":false},"excerpt":{"rendered":"<p>Pol\u00edtica de Coockies Cookie Policy Data Efetiva: 31-Jan-2025 \u00daltima atualiza\u00e7\u00e3o: 31-Jan-2025 &nbsp; O que s\u00e3o cookies? Esta Pol\u00edtica de Cookies explica o que s\u00e3o cookies e como os usamos, os tipos de cookies que usamos, ou seja, as informa\u00e7\u00f5es que coletamos usando cookies e como essas informa\u00e7\u00f5es s\u00e3o usadas, e como gerenciar as configura\u00e7\u00f5es de [&hellip;]<\/p>\n","protected":false},"author":1,"featured_media":0,"parent":0,"menu_order":0,"comment_status":"closed","ping_status":"closed","template":"elementor_header_footer","meta":{"footnotes":""},"class_list":["post-243","page","type-page","status-publish","hentry","entry"],"yoast_head":"<!-- This site is optimized with the Yoast SEO plugin v27.2 - https:\/\/yoast.com\/product\/yoast-seo-wordpress\/ -->\n<title>Pol\u00edtica de Coockies - Blog Transito<\/title>\n<meta name=\"robots\" content=\"index, follow, max-snippet:-1, max-image-preview:large, max-video-preview:-1\" \/>\n<link rel=\"canonical\" href=\"https:\/\/advogadodetransitosp.com.br\/blog\/politica-de-coockies\/\" \/>\n<meta property=\"og:locale\" content=\"pt_PT\" \/>\n<meta property=\"og:type\" content=\"article\" \/>\n<meta property=\"og:title\" content=\"Pol\u00edtica de Coockies - Blog Transito\" \/>\n<meta property=\"og:description\" content=\"Pol\u00edtica de Coockies Cookie Policy Data Efetiva: 31-Jan-2025 \u00daltima atualiza\u00e7\u00e3o: 31-Jan-2025 &nbsp; O que s\u00e3o cookies? Esta Pol\u00edtica de Cookies explica o que s\u00e3o cookies e como os usamos, os tipos de cookies que usamos, ou seja, as informa\u00e7\u00f5es que coletamos usando cookies e como essas informa\u00e7\u00f5es s\u00e3o usadas, e como gerenciar as configura\u00e7\u00f5es de [&hellip;]\" \/>\n<meta property=\"og:url\" content=\"https:\/\/advogadodetransitosp.com.br\/blog\/politica-de-coockies\/\" \/>\n<meta property=\"og:site_name\" content=\"Blog Transito\" \/>\n<meta property=\"article:modified_time\" content=\"2025-01-31T13:45:55+00:00\" \/>\n<meta name=\"twitter:card\" content=\"summary_large_image\" \/>\n<script type=\"application\/ld+json\" class=\"yoast-schema-graph\">{\"@context\":\"https:\/\/schema.org\",\"@graph\":[{\"@type\":\"WebPage\",\"@id\":\"https:\/\/advogadodetransitosp.com.br\/blog\/politica-de-coockies\/\",\"url\":\"https:\/\/advogadodetransitosp.com.br\/blog\/politica-de-coockies\/\",\"name\":\"Pol\u00edtica de Coockies - Blog Transito\",\"isPartOf\":{\"@id\":\"https:\/\/advogadodetransitosp.com.br\/blog\/#website\"},\"datePublished\":\"2025-01-31T13:10:20+00:00\",\"dateModified\":\"2025-01-31T13:45:55+00:00\",\"breadcrumb\":{\"@id\":\"https:\/\/advogadodetransitosp.com.br\/blog\/politica-de-coockies\/#breadcrumb\"},\"inLanguage\":\"pt-PT\",\"potentialAction\":[{\"@type\":\"ReadAction\",\"target\":[\"https:\/\/advogadodetransitosp.com.br\/blog\/politica-de-coockies\/\"]}]},{\"@type\":\"BreadcrumbList\",\"@id\":\"https:\/\/advogadodetransitosp.com.br\/blog\/politica-de-coockies\/#breadcrumb\",\"itemListElement\":[{\"@type\":\"ListItem\",\"position\":1,\"name\":\"In\u00edcio\",\"item\":\"https:\/\/advogadodetransitosp.com.br\/blog\/\"},{\"@type\":\"ListItem\",\"position\":2,\"name\":\"Pol\u00edtica de Coockies\"}]},{\"@type\":\"WebSite\",\"@id\":\"https:\/\/advogadodetransitosp.com.br\/blog\/#website\",\"url\":\"https:\/\/advogadodetransitosp.com.br\/blog\/\",\"name\":\"blogdetransito\",\"description\":\"My WordPress Blog\",\"publisher\":{\"@id\":\"https:\/\/advogadodetransitosp.com.br\/blog\/#\/schema\/person\/4a8fca4c7d3d6aa0f7375316cc18f707\"},\"potentialAction\":[{\"@type\":\"SearchAction\",\"target\":{\"@type\":\"EntryPoint\",\"urlTemplate\":\"https:\/\/advogadodetransitosp.com.br\/blog\/?s={search_term_string}\"},\"query-input\":{\"@type\":\"PropertyValueSpecification\",\"valueRequired\":true,\"valueName\":\"search_term_string\"}}],\"inLanguage\":\"pt-PT\"},{\"@type\":[\"Person\",\"Organization\"],\"@id\":\"https:\/\/advogadodetransitosp.com.br\/blog\/#\/schema\/person\/4a8fca4c7d3d6aa0f7375316cc18f707\",\"name\":\"admin.blog\",\"image\":{\"@type\":\"ImageObject\",\"inLanguage\":\"pt-PT\",\"@id\":\"https:\/\/advogadodetransitosp.com.br\/blog\/wp-content\/uploads\/2025\/01\/DALL\u00b7E-2025-01-21-14.59.49-A-simple-and-modern-logo-for-a-traffic-themed-blog-featuring-a-minimalist-road-icon-curving-upward-with-a-traffic-sign-and-a-steering-wheel-symbol.-T.webp\",\"url\":\"https:\/\/advogadodetransitosp.com.br\/blog\/wp-content\/uploads\/2025\/01\/DALL\u00b7E-2025-01-21-14.59.49-A-simple-and-modern-logo-for-a-traffic-themed-blog-featuring-a-minimalist-road-icon-curving-upward-with-a-traffic-sign-and-a-steering-wheel-symbol.-T.webp\",\"contentUrl\":\"https:\/\/advogadodetransitosp.com.br\/blog\/wp-content\/uploads\/2025\/01\/DALL\u00b7E-2025-01-21-14.59.49-A-simple-and-modern-logo-for-a-traffic-themed-blog-featuring-a-minimalist-road-icon-curving-upward-with-a-traffic-sign-and-a-steering-wheel-symbol.-T.webp\",\"width\":1024,\"height\":1024,\"caption\":\"admin.blog\"},\"logo\":{\"@id\":\"https:\/\/advogadodetransitosp.com.br\/blog\/wp-content\/uploads\/2025\/01\/DALL\u00b7E-2025-01-21-14.59.49-A-simple-and-modern-logo-for-a-traffic-themed-blog-featuring-a-minimalist-road-icon-curving-upward-with-a-traffic-sign-and-a-steering-wheel-symbol.-T.webp\"},\"sameAs\":[\"https:\/\/advogadodetransitosp.com.br\/blog\"]}]}<\/script>\n<!-- \/ Yoast SEO plugin. -->","yoast_head_json":{"title":"Pol\u00edtica de Coockies - Blog Transito","robots":{"index":"index","follow":"follow","max-snippet":"max-snippet:-1","max-image-preview":"max-image-preview:large","max-video-preview":"max-video-preview:-1"},"canonical":"https:\/\/advogadodetransitosp.com.br\/blog\/politica-de-coockies\/","og_locale":"pt_PT","og_type":"article","og_title":"Pol\u00edtica de Coockies - Blog Transito","og_description":"Pol\u00edtica de Coockies Cookie Policy Data Efetiva: 31-Jan-2025 \u00daltima atualiza\u00e7\u00e3o: 31-Jan-2025 &nbsp; O que s\u00e3o cookies? Esta Pol\u00edtica de Cookies explica o que s\u00e3o cookies e como os usamos, os tipos de cookies que usamos, ou seja, as informa\u00e7\u00f5es que coletamos usando cookies e como essas informa\u00e7\u00f5es s\u00e3o usadas, e como gerenciar as configura\u00e7\u00f5es de [&hellip;]","og_url":"https:\/\/advogadodetransitosp.com.br\/blog\/politica-de-coockies\/","og_site_name":"Blog Transito","article_modified_time":"2025-01-31T13:45:55+00:00","twitter_card":"summary_large_image","schema":{"@context":"https:\/\/schema.org","@graph":[{"@type":"WebPage","@id":"https:\/\/advogadodetransitosp.com.br\/blog\/politica-de-coockies\/","url":"https:\/\/advogadodetransitosp.com.br\/blog\/politica-de-coockies\/","name":"Pol\u00edtica de Coockies - Blog Transito","isPartOf":{"@id":"https:\/\/advogadodetransitosp.com.br\/blog\/#website"},"datePublished":"2025-01-31T13:10:20+00:00","dateModified":"2025-01-31T13:45:55+00:00","breadcrumb":{"@id":"https:\/\/advogadodetransitosp.com.br\/blog\/politica-de-coockies\/#breadcrumb"},"inLanguage":"pt-PT","potentialAction":[{"@type":"ReadAction","target":["https:\/\/advogadodetransitosp.com.br\/blog\/politica-de-coockies\/"]}]},{"@type":"BreadcrumbList","@id":"https:\/\/advogadodetransitosp.com.br\/blog\/politica-de-coockies\/#breadcrumb","itemListElement":[{"@type":"ListItem","position":1,"name":"In\u00edcio","item":"https:\/\/advogadodetransitosp.com.br\/blog\/"},{"@type":"ListItem","position":2,"name":"Pol\u00edtica de Coockies"}]},{"@type":"WebSite","@id":"https:\/\/advogadodetransitosp.com.br\/blog\/#website","url":"https:\/\/advogadodetransitosp.com.br\/blog\/","name":"blogdetransito","description":"My WordPress Blog","publisher":{"@id":"https:\/\/advogadodetransitosp.com.br\/blog\/#\/schema\/person\/4a8fca4c7d3d6aa0f7375316cc18f707"},"potentialAction":[{"@type":"SearchAction","target":{"@type":"EntryPoint","urlTemplate":"https:\/\/advogadodetransitosp.com.br\/blog\/?s={search_term_string}"},"query-input":{"@type":"PropertyValueSpecification","valueRequired":true,"valueName":"search_term_string"}}],"inLanguage":"pt-PT"},{"@type":["Person","Organization"],"@id":"https:\/\/advogadodetransitosp.com.br\/blog\/#\/schema\/person\/4a8fca4c7d3d6aa0f7375316cc18f707","name":"admin.blog","image":{"@type":"ImageObject","inLanguage":"pt-PT","@id":"https:\/\/advogadodetransitosp.com.br\/blog\/wp-content\/uploads\/2025\/01\/DALL\u00b7E-2025-01-21-14.59.49-A-simple-and-modern-logo-for-a-traffic-themed-blog-featuring-a-minimalist-road-icon-curving-upward-with-a-traffic-sign-and-a-steering-wheel-symbol.-T.webp","url":"https:\/\/advogadodetransitosp.com.br\/blog\/wp-content\/uploads\/2025\/01\/DALL\u00b7E-2025-01-21-14.59.49-A-simple-and-modern-logo-for-a-traffic-themed-blog-featuring-a-minimalist-road-icon-curving-upward-with-a-traffic-sign-and-a-steering-wheel-symbol.-T.webp","contentUrl":"https:\/\/advogadodetransitosp.com.br\/blog\/wp-content\/uploads\/2025\/01\/DALL\u00b7E-2025-01-21-14.59.49-A-simple-and-modern-logo-for-a-traffic-themed-blog-featuring-a-minimalist-road-icon-curving-upward-with-a-traffic-sign-and-a-steering-wheel-symbol.-T.webp","width":1024,"height":1024,"caption":"admin.blog"},"logo":{"@id":"https:\/\/advogadodetransitosp.com.br\/blog\/wp-content\/uploads\/2025\/01\/DALL\u00b7E-2025-01-21-14.59.49-A-simple-and-modern-logo-for-a-traffic-themed-blog-featuring-a-minimalist-road-icon-curving-upward-with-a-traffic-sign-and-a-steering-wheel-symbol.-T.webp"},"sameAs":["https:\/\/advogadodetransitosp.com.br\/blog"]}]}},"_links":{"self":[{"href":"https:\/\/advogadodetransitosp.com.br\/blog\/wp-json\/wp\/v2\/pages\/243","targetHints":{"allow":["GET"]}}],"collection":[{"href":"https:\/\/advogadodetransitosp.com.br\/blog\/wp-json\/wp\/v2\/pages"}],"about":[{"href":"https:\/\/advogadodetransitosp.com.br\/blog\/wp-json\/wp\/v2\/types\/page"}],"author":[{"embeddable":true,"href":"https:\/\/advogadodetransitosp.com.br\/blog\/wp-json\/wp\/v2\/users\/1"}],"replies":[{"embeddable":true,"href":"https:\/\/advogadodetransitosp.com.br\/blog\/wp-json\/wp\/v2\/comments?post=243"}],"version-history":[{"count":4,"href":"https:\/\/advogadodetransitosp.com.br\/blog\/wp-json\/wp\/v2\/pages\/243\/revisions"}],"predecessor-version":[{"id":249,"href":"https:\/\/advogadodetransitosp.com.br\/blog\/wp-json\/wp\/v2\/pages\/243\/revisions\/249"}],"wp:attachment":[{"href":"https:\/\/advogadodetransitosp.com.br\/blog\/wp-json\/wp\/v2\/media?parent=243"}],"curies":[{"name":"wp","href":"https:\/\/api.w.org\/{rel}","templated":true}]}}